{"id":6391,"date":"2019-07-28T21:18:59","date_gmt":"2019-07-28T21:18:59","guid":{"rendered":"https:\/\/www.imm.ch\/beratung\/"},"modified":"2022-04-30T16:14:18","modified_gmt":"2022-04-30T16:14:18","slug":"beratung","status":"publish","type":"page","link":"https:\/\/www.imm.ch\/de\/beratung\/","title":{"rendered":"Beratung"},"content":{"rendered":"\t\t<div data-elementor-type=\"wp-post\" data-elementor-id=\"6391\" class=\"elementor elementor-6391 elementor-2224\" data-elementor-post-type=\"page\">\n\t\t\t\t\t\t\t\t\t<section class=\"elementor-section elementor-top-section elementor-element elementor-element-90a4fef elementor-section-boxed elementor-section-height-default elementor-section-height-default\" data-id=\"90a4fef\" data-element_type=\"section\" data-settings=\"{&quot;background_background&quot;:&quot;classic&quot;}\">\n\t\t\t\t\t\t<div class=\"elementor-container elementor-column-gap-default\">\n\t\t\t\t\t<div class=\"elementor-column elementor-col-50 elementor-top-column elementor-element elementor-element-504d9210\" data-id=\"504d9210\" data-element_type=\"column\">\n\t\t\t<div class=\"elementor-widget-wrap elementor-element-populated\">\n\t\t\t\t\t\t\t\t<div class=\"elementor-element elementor-element-5644120d elementor-widget elementor-widget-heading\" data-id=\"5644120d\" data-element_type=\"widget\" data-widget_type=\"heading.default\">\n\t\t\t\t<div class=\"elementor-widget-container\">\n\t\t\t<h1 class=\"elementor-heading-title elementor-size-default\">Beratung<\/h1>\t\t<\/div>\n\t\t\t\t<\/div>\n\t\t\t\t\t<\/div>\n\t\t<\/div>\n\t\t\t\t<div class=\"elementor-column elementor-col-50 elementor-top-column elementor-element elementor-element-7f9670d9\" data-id=\"7f9670d9\" data-element_type=\"column\">\n\t\t\t<div class=\"elementor-widget-wrap elementor-element-populated\">\n\t\t\t\t\t\t\t\t<div class=\"elementor-element elementor-element-59377c35 elementor-widget elementor-widget-text-editor\" data-id=\"59377c35\" data-element_type=\"widget\" data-widget_type=\"text-editor.default\">\n\t\t\t\t<div class=\"elementor-widget-container\">\n\t\t\t\t\t\t\t<p>Unsere Erfahrung im Bereich \u201eLanglebigkeit von Stahlbeton-Konstruktionen\u201c von den W\u00fcsten Nordafrikas bis zum Polarkreis, vom gem\u00e4ssigten Klima der Schweiz bis zum sengend heissen Klima der arabischen Halbinsel erm\u00f6glicht es uns, Beratungsleistungen<strong>*<\/strong> zur&nbsp;<b>Optimierung von Materialien und Strategien<\/b> zur Maximierung der Anfangs- und Restlebensdauer von Bauwerken anzubieten.<b><\/b><\/p>\t\t\t\t\t\t<\/div>\n\t\t\t\t<\/div>\n\t\t\t\t<div class=\"elementor-element elementor-element-d7e3116 elementor-align-left elementor-icon-list--layout-traditional elementor-list-item-link-full_width elementor-widget elementor-widget-icon-list\" data-id=\"d7e3116\" data-element_type=\"widget\" data-widget_type=\"icon-list.default\">\n\t\t\t\t<div class=\"elementor-widget-container\">\n\t\t\t\t\t<ul class=\"elementor-icon-list-items\">\n\t\t\t\t\t\t\t<li class=\"elementor-icon-list-item\">\n\t\t\t\t\t\t\t\t\t\t\t<span class=\"elementor-icon-list-icon\">\n\t\t\t\t\t\t\t<i aria-hidden=\"true\" class=\"fas fa-check\"><\/i>\t\t\t\t\t\t<\/span>\n\t\t\t\t\t\t\t\t\t\t<span class=\"elementor-icon-list-text\">Probabilistische Projektierung bez\u00fcglich Langlebigkeit von Stahlbeton-Konstruktionen<\/span>\n\t\t\t\t\t\t\t\t\t<\/li>\n\t\t\t\t\t\t\t\t<li class=\"elementor-icon-list-item\">\n\t\t\t\t\t\t\t\t\t\t\t<span class=\"elementor-icon-list-icon\">\n\t\t\t\t\t\t\t<i aria-hidden=\"true\" class=\"fas fa-check\"><\/i>\t\t\t\t\t\t<\/span>\n\t\t\t\t\t\t\t\t\t\t<span class=\"elementor-icon-list-text\">Spezielle Pr\u00fcfungen am Beton und Asphalt (Erm\u00fcdungsmodule, Steifigkeit, Kriechen, Georadar, Korrosionspotenzial, Ultraschall, beschleunigte Alterung usw.)<\/span>\n\t\t\t\t\t\t\t\t\t<\/li>\n\t\t\t\t\t\t\t\t<li class=\"elementor-icon-list-item\">\n\t\t\t\t\t\t\t\t\t\t\t<span class=\"elementor-icon-list-icon\">\n\t\t\t\t\t\t\t<i aria-hidden=\"true\" class=\"fas fa-check\"><\/i>\t\t\t\t\t\t<\/span>\n\t\t\t\t\t\t\t\t\t\t<span class=\"elementor-icon-list-text\">Bauforensik und Gutachten<\/span>\n\t\t\t\t\t\t\t\t\t<\/li>\n\t\t\t\t\t\t\t\t<li class=\"elementor-icon-list-item\">\n\t\t\t\t\t\t\t\t\t\t\t<span class=\"elementor-icon-list-icon\">\n\t\t\t\t\t\t\t<i aria-hidden=\"true\" class=\"fas fa-check\"><\/i>\t\t\t\t\t\t<\/span>\n\t\t\t\t\t\t\t\t\t\t<span class=\"elementor-icon-list-text\">Finite-Elemente-W\u00e4rmemodelle f\u00fcr massive Bauteile<\/span>\n\t\t\t\t\t\t\t\t\t<\/li>\n\t\t\t\t\t\t\t\t<li class=\"elementor-icon-list-item\">\n\t\t\t\t\t\t\t\t\t\t\t<span class=\"elementor-icon-list-icon\">\n\t\t\t\t\t\t\t<i aria-hidden=\"true\" class=\"fas fa-check\"><\/i>\t\t\t\t\t\t<\/span>\n\t\t\t\t\t\t\t\t\t\t<span class=\"elementor-icon-list-text\">Optimierung der Bewehrung bez\u00fcglich kurz-, mittel- und langfristiger volumetrischer Verformungen<\/span>\n\t\t\t\t\t\t\t\t\t<\/li>\n\t\t\t\t\t\t\t\t<li class=\"elementor-icon-list-item\">\n\t\t\t\t\t\t\t\t\t\t\t<span class=\"elementor-icon-list-icon\">\n\t\t\t\t\t\t\t<i aria-hidden=\"true\" class=\"fas fa-check\"><\/i>\t\t\t\t\t\t<\/span>\n\t\t\t\t\t\t\t\t\t\t<span class=\"elementor-icon-list-text\">Mechanistische und FEM-Planung von flexiblen und starren Bel\u00e4gen<\/span>\n\t\t\t\t\t\t\t\t\t<\/li>\n\t\t\t\t\t\t\t\t<li class=\"elementor-icon-list-item\">\n\t\t\t\t\t\t\t\t\t\t\t<span class=\"elementor-icon-list-icon\">\n\t\t\t\t\t\t\t<i aria-hidden=\"true\" class=\"fas fa-check\"><\/i>\t\t\t\t\t\t<\/span>\n\t\t\t\t\t\t\t\t\t\t<span class=\"elementor-icon-list-text\">Geotechnische Beratung f\u00fcr den mechanisierten Aushub, die Gewinnung aus Steinbr\u00fcchen und die Optimierung von Baustoffen wie Zuschlagstoffen, Zementsorten, Zusatzstoffen usw.<\/span>\n\t\t\t\t\t\t\t\t\t<\/li>\n\t\t\t\t\t\t<\/ul>\n\t\t\t\t<\/div>\n\t\t\t\t<\/div>\n\t\t\t\t<div class=\"elementor-element elementor-element-d96ea4f elementor-widget elementor-widget-text-editor\" data-id=\"d96ea4f\" data-element_type=\"widget\" data-widget_type=\"text-editor.default\">\n\t\t\t\t<div class=\"elementor-widget-container\">\n\t\t\t\t\t\t\t<p>*Die Beratung ist nicht Teil des Geltungsbereichs der Akkreditierung ISO\/IEC 17025<\/p>\t\t\t\t\t\t<\/div>\n\t\t\t\t<\/div>\n\t\t\t\t\t<\/div>\n\t\t<\/div>\n\t\t\t\t\t\t\t<\/div>\n\t\t<\/section>\n\t\t\t\t<section class=\"elementor-section elementor-top-section elementor-element elementor-element-3a2dd05 elementor-section-boxed elementor-section-height-default elementor-section-height-default\" data-id=\"3a2dd05\" data-element_type=\"section\">\n\t\t\t\t\t\t<div class=\"elementor-container elementor-column-gap-default\">\n\t\t\t\t\t<div class=\"elementor-column elementor-col-100 elementor-top-column elementor-element elementor-element-ac49f81\" data-id=\"ac49f81\" data-element_type=\"column\">\n\t\t\t<div class=\"elementor-widget-wrap elementor-element-populated\">\n\t\t\t\t\t\t\t\t<div class=\"elementor-element elementor-element-b5e48d7 elementor-widget-divider--view-line elementor-widget elementor-widget-divider\" data-id=\"b5e48d7\" data-element_type=\"widget\" data-widget_type=\"divider.default\">\n\t\t\t\t<div class=\"elementor-widget-container\">\n\t\t\t\t\t<div class=\"elementor-divider\">\n\t\t\t<span class=\"elementor-divider-separator\">\n\t\t\t\t\t\t<\/span>\n\t\t<\/div>\n\t\t\t\t<\/div>\n\t\t\t\t<\/div>\n\t\t\t\t<div class=\"elementor-element elementor-element-71363b6 elementor-widget elementor-widget-gallery\" data-id=\"71363b6\" data-element_type=\"widget\" data-settings=\"{&quot;gallery_layout&quot;:&quot;masonry&quot;,&quot;columns&quot;:2,&quot;gap&quot;:{&quot;unit&quot;:&quot;px&quot;,&quot;size&quot;:30,&quot;sizes&quot;:[]},&quot;lazyload&quot;:&quot;yes&quot;,&quot;columns_tablet&quot;:2,&quot;columns_mobile&quot;:1,&quot;gap_tablet&quot;:{&quot;unit&quot;:&quot;px&quot;,&quot;size&quot;:10,&quot;sizes&quot;:[]},&quot;gap_mobile&quot;:{&quot;unit&quot;:&quot;px&quot;,&quot;size&quot;:10,&quot;sizes&quot;:[]},&quot;link_to&quot;:&quot;file&quot;,&quot;overlay_background&quot;:&quot;yes&quot;,&quot;content_hover_animation&quot;:&quot;fade-in&quot;}\" data-widget_type=\"gallery.default\">\n\t\t\t\t<div class=\"elementor-widget-container\">\n\t\t\t\t\t<div class=\"elementor-gallery__container\">\n\t\t\t\t\t\t\t<a class=\"e-gallery-item elementor-gallery-item elementor-animated-content\" href=\"https:\/\/www.imm.ch\/wp-content\/uploads\/2021\/11\/image6.png\" data-elementor-open-lightbox=\"yes\" data-elementor-lightbox-slideshow=\"71363b6\" data-elementor-lightbox-title=\"image6\" data-e-action-hash=\"#elementor-action%3Aaction%3Dlightbox%26settings%3DeyJpZCI6NDIzOCwidXJsIjoiaHR0cHM6XC9cL3d3dy5pbW0uY2hcL3dwLWNvbnRlbnRcL3VwbG9hZHNcLzIwMjFcLzExXC9pbWFnZTYucG5nIiwic2xpZGVzaG93IjoiNzEzNjNiNiJ9\">\n\t\t\t\t\t<div class=\"e-gallery-image elementor-gallery-item__image\" data-thumbnail=\"https:\/\/www.imm.ch\/wp-content\/uploads\/2021\/11\/image6.png\" data-width=\"1324\" data-height=\"426\" aria-label=\"\" role=\"img\" ><\/div>\n\t\t\t\t\t\t\t\t\t\t\t<div class=\"elementor-gallery-item__overlay\"><\/div>\n\t\t\t\t\t\t\t\t\t\t\t\t\t\t<\/a>\n\t\t\t\t\t\t\t<a class=\"e-gallery-item elementor-gallery-item elementor-animated-content\" href=\"https:\/\/www.imm.ch\/wp-content\/uploads\/2021\/11\/image3.png\" data-elementor-open-lightbox=\"yes\" data-elementor-lightbox-slideshow=\"71363b6\" data-elementor-lightbox-title=\"image3\" data-e-action-hash=\"#elementor-action%3Aaction%3Dlightbox%26settings%3DeyJpZCI6NDIzMiwidXJsIjoiaHR0cHM6XC9cL3d3dy5pbW0uY2hcL3dwLWNvbnRlbnRcL3VwbG9hZHNcLzIwMjFcLzExXC9pbWFnZTMucG5nIiwic2xpZGVzaG93IjoiNzEzNjNiNiJ9\">\n\t\t\t\t\t<div class=\"e-gallery-image elementor-gallery-item__image\" data-thumbnail=\"https:\/\/www.imm.ch\/wp-content\/uploads\/2021\/11\/image3.png\" data-width=\"1323\" data-height=\"422\" aria-label=\"\" role=\"img\" ><\/div>\n\t\t\t\t\t\t\t\t\t\t\t<div class=\"elementor-gallery-item__overlay\"><\/div>\n\t\t\t\t\t\t\t\t\t\t\t\t\t\t<\/a>\n\t\t\t\t\t\t\t<a class=\"e-gallery-item elementor-gallery-item elementor-animated-content\" href=\"https:\/\/www.imm.ch\/wp-content\/uploads\/2021\/11\/image5.png\" data-elementor-open-lightbox=\"yes\" data-elementor-lightbox-slideshow=\"71363b6\" data-elementor-lightbox-title=\"image5\" data-e-action-hash=\"#elementor-action%3Aaction%3Dlightbox%26settings%3DeyJpZCI6NDIzNywidXJsIjoiaHR0cHM6XC9cL3d3dy5pbW0uY2hcL3dwLWNvbnRlbnRcL3VwbG9hZHNcLzIwMjFcLzExXC9pbWFnZTUucG5nIiwic2xpZGVzaG93IjoiNzEzNjNiNiJ9\">\n\t\t\t\t\t<div class=\"e-gallery-image elementor-gallery-item__image\" data-thumbnail=\"https:\/\/www.imm.ch\/wp-content\/uploads\/2021\/11\/image5.png\" data-width=\"1235\" data-height=\"414\" aria-label=\"\" role=\"img\" ><\/div>\n\t\t\t\t\t\t\t\t\t\t\t<div class=\"elementor-gallery-item__overlay\"><\/div>\n\t\t\t\t\t\t\t\t\t\t\t\t\t\t<\/a>\n\t\t\t\t\t\t\t<a class=\"e-gallery-item elementor-gallery-item elementor-animated-content\" href=\"https:\/\/www.imm.ch\/wp-content\/uploads\/2021\/11\/image4.png\" data-elementor-open-lightbox=\"yes\" data-elementor-lightbox-slideshow=\"71363b6\" data-elementor-lightbox-title=\"image4\" data-e-action-hash=\"#elementor-action%3Aaction%3Dlightbox%26settings%3DeyJpZCI6NDIzNSwidXJsIjoiaHR0cHM6XC9cL3d3dy5pbW0uY2hcL3dwLWNvbnRlbnRcL3VwbG9hZHNcLzIwMjFcLzExXC9pbWFnZTQucG5nIiwic2xpZGVzaG93IjoiNzEzNjNiNiJ9\">\n\t\t\t\t\t<div class=\"e-gallery-image elementor-gallery-item__image\" data-thumbnail=\"https:\/\/www.imm.ch\/wp-content\/uploads\/2021\/11\/image4.png\" data-width=\"729\" data-height=\"422\" aria-label=\"\" role=\"img\" ><\/div>\n\t\t\t\t\t\t\t\t\t\t\t<div class=\"elementor-gallery-item__overlay\"><\/div>\n\t\t\t\t\t\t\t\t\t\t\t\t\t\t<\/a>\n\t\t\t\t\t\t\t<a class=\"e-gallery-item elementor-gallery-item elementor-animated-content\" href=\"https:\/\/www.imm.ch\/wp-content\/uploads\/2021\/11\/image1.png\" data-elementor-open-lightbox=\"yes\" data-elementor-lightbox-slideshow=\"71363b6\" data-elementor-lightbox-title=\"image1\" data-e-action-hash=\"#elementor-action%3Aaction%3Dlightbox%26settings%3DeyJpZCI6NDI0MCwidXJsIjoiaHR0cHM6XC9cL3d3dy5pbW0uY2hcL3dwLWNvbnRlbnRcL3VwbG9hZHNcLzIwMjFcLzExXC9pbWFnZTEucG5nIiwic2xpZGVzaG93IjoiNzEzNjNiNiJ9\">\n\t\t\t\t\t<div class=\"e-gallery-image elementor-gallery-item__image\" data-thumbnail=\"https:\/\/www.imm.ch\/wp-content\/uploads\/2021\/11\/image1.png\" data-width=\"849\" data-height=\"441\" aria-label=\"\" role=\"img\" ><\/div>\n\t\t\t\t\t\t\t\t\t\t\t<div class=\"elementor-gallery-item__overlay\"><\/div>\n\t\t\t\t\t\t\t\t\t\t\t\t\t\t<\/a>\n\t\t\t\t\t\t\t<a class=\"e-gallery-item elementor-gallery-item elementor-animated-content\" href=\"https:\/\/www.imm.ch\/wp-content\/uploads\/2021\/11\/image14.png\" data-elementor-open-lightbox=\"yes\" data-elementor-lightbox-slideshow=\"71363b6\" data-elementor-lightbox-title=\"image14\" data-e-action-hash=\"#elementor-action%3Aaction%3Dlightbox%26settings%3DeyJpZCI6NDIzNiwidXJsIjoiaHR0cHM6XC9cL3d3dy5pbW0uY2hcL3dwLWNvbnRlbnRcL3VwbG9hZHNcLzIwMjFcLzExXC9pbWFnZTE0LnBuZyIsInNsaWRlc2hvdyI6IjcxMzYzYjYifQ%3D%3D\">\n\t\t\t\t\t<div class=\"e-gallery-image elementor-gallery-item__image\" data-thumbnail=\"https:\/\/www.imm.ch\/wp-content\/uploads\/2021\/11\/image14.png\" data-width=\"1075\" data-height=\"600\" aria-label=\"\" role=\"img\" ><\/div>\n\t\t\t\t\t\t\t\t\t\t\t<div class=\"elementor-gallery-item__overlay\"><\/div>\n\t\t\t\t\t\t\t\t\t\t\t\t\t\t<\/a>\n\t\t\t\t\t\t\t<a class=\"e-gallery-item elementor-gallery-item elementor-animated-content\" href=\"https:\/\/www.imm.ch\/wp-content\/uploads\/2021\/11\/image8.jpeg\" data-elementor-open-lightbox=\"yes\" data-elementor-lightbox-slideshow=\"71363b6\" data-elementor-lightbox-title=\"image8\" data-e-action-hash=\"#elementor-action%3Aaction%3Dlightbox%26settings%3DeyJpZCI6NDIzNCwidXJsIjoiaHR0cHM6XC9cL3d3dy5pbW0uY2hcL3dwLWNvbnRlbnRcL3VwbG9hZHNcLzIwMjFcLzExXC9pbWFnZTguanBlZyIsInNsaWRlc2hvdyI6IjcxMzYzYjYifQ%3D%3D\">\n\t\t\t\t\t<div class=\"e-gallery-image elementor-gallery-item__image\" data-thumbnail=\"https:\/\/www.imm.ch\/wp-content\/uploads\/2021\/11\/image8.jpeg\" data-width=\"731\" data-height=\"973\" aria-label=\"\" role=\"img\" ><\/div>\n\t\t\t\t\t\t\t\t\t\t\t<div class=\"elementor-gallery-item__overlay\"><\/div>\n\t\t\t\t\t\t\t\t\t\t\t\t\t\t<\/a>\n\t\t\t\t\t\t\t<a class=\"e-gallery-item elementor-gallery-item elementor-animated-content\" href=\"https:\/\/www.imm.ch\/wp-content\/uploads\/2021\/11\/image9-1.jpeg\" data-elementor-open-lightbox=\"yes\" data-elementor-lightbox-slideshow=\"71363b6\" data-elementor-lightbox-title=\"image9\" data-e-action-hash=\"#elementor-action%3Aaction%3Dlightbox%26settings%3DeyJpZCI6NDIzMywidXJsIjoiaHR0cHM6XC9cL3d3dy5pbW0uY2hcL3dwLWNvbnRlbnRcL3VwbG9hZHNcLzIwMjFcLzExXC9pbWFnZTktMS5qcGVnIiwic2xpZGVzaG93IjoiNzEzNjNiNiJ9\">\n\t\t\t\t\t<div class=\"e-gallery-image elementor-gallery-item__image\" data-thumbnail=\"https:\/\/www.imm.ch\/wp-content\/uploads\/2021\/11\/image9-1.jpeg\" data-width=\"1170\" data-height=\"1559\" aria-label=\"\" role=\"img\" ><\/div>\n\t\t\t\t\t\t\t\t\t\t\t<div class=\"elementor-gallery-item__overlay\"><\/div>\n\t\t\t\t\t\t\t\t\t\t\t\t\t\t<\/a>\n\t\t\t\t\t\t\t<a class=\"e-gallery-item elementor-gallery-item elementor-animated-content\" href=\"https:\/\/www.imm.ch\/wp-content\/uploads\/2021\/11\/image11.jpeg\" data-elementor-open-lightbox=\"yes\" data-elementor-lightbox-slideshow=\"71363b6\" data-elementor-lightbox-title=\"image11\" data-e-action-hash=\"#elementor-action%3Aaction%3Dlightbox%26settings%3DeyJpZCI6NDIzOSwidXJsIjoiaHR0cHM6XC9cL3d3dy5pbW0uY2hcL3dwLWNvbnRlbnRcL3VwbG9hZHNcLzIwMjFcLzExXC9pbWFnZTExLmpwZWciLCJzbGlkZXNob3ciOiI3MTM2M2I2In0%3D\">\n\t\t\t\t\t<div class=\"e-gallery-image elementor-gallery-item__image\" data-thumbnail=\"https:\/\/www.imm.ch\/wp-content\/uploads\/2021\/11\/image11.jpeg\" data-width=\"1472\" data-height=\"1104\" aria-label=\"\" role=\"img\" ><\/div>\n\t\t\t\t\t\t\t\t\t\t\t<div class=\"elementor-gallery-item__overlay\"><\/div>\n\t\t\t\t\t\t\t\t\t\t\t\t\t\t<\/a>\n\t\t\t\t\t\t\t<a class=\"e-gallery-item elementor-gallery-item elementor-animated-content\" href=\"https:\/\/www.imm.ch\/wp-content\/uploads\/2021\/11\/image10.jpeg\" data-elementor-open-lightbox=\"yes\" data-elementor-lightbox-slideshow=\"71363b6\" data-elementor-lightbox-title=\"image10\" data-e-action-hash=\"#elementor-action%3Aaction%3Dlightbox%26settings%3DeyJpZCI6NDIzMSwidXJsIjoiaHR0cHM6XC9cL3d3dy5pbW0uY2hcL3dwLWNvbnRlbnRcL3VwbG9hZHNcLzIwMjFcLzExXC9pbWFnZTEwLmpwZWciLCJzbGlkZXNob3ciOiI3MTM2M2I2In0%3D\">\n\t\t\t\t\t<div class=\"e-gallery-image elementor-gallery-item__image\" data-thumbnail=\"https:\/\/www.imm.ch\/wp-content\/uploads\/2021\/11\/image10.jpeg\" data-width=\"1126\" data-height=\"293\" aria-label=\"\" role=\"img\" ><\/div>\n\t\t\t\t\t\t\t\t\t\t\t<div class=\"elementor-gallery-item__overlay\"><\/div>\n\t\t\t\t\t\t\t\t\t\t\t\t\t\t<\/a>\n\t\t\t\t\t<\/div>\n\t\t\t<\/div>\n\t\t\t\t<\/div>\n\t\t\t\t\t<\/div>\n\t\t<\/div>\n\t\t\t\t\t\t\t<\/div>\n\t\t<\/section>\n\t\t\t\t\t\t\t<\/div>\n\t\t","protected":false},"excerpt":{"rendered":"<p>Beratung Unsere Erfahrung im Bereich \u201eLanglebigkeit von Stahlbeton-Konstruktionen\u201c von den W\u00fcsten Nordafrikas bis zum Polarkreis, vom gem\u00e4ssigten Klima der Schweiz bis zum sengend heissen Klima der arabischen Halbinsel erm\u00f6glicht es uns, Beratungsleistungen* zur&nbsp;Optimierung von Materialien und Strategien zur Maximierung der Anfangs- und Restlebensdauer von Bauwerken anzubieten. Probabilistische Projektierung bez\u00fcglich Langlebigkeit von Stahlbeton-Konstruktionen Spezielle Pr\u00fcfungen am [&hellip;]<\/p>\n","protected":false},"author":1,"featured_media":0,"parent":0,"menu_order":0,"comment_status":"closed","ping_status":"closed","template":"elementor_header_footer","meta":{"footnotes":""},"_links":{"self":[{"href":"https:\/\/www.imm.ch\/de\/wp-json\/wp\/v2\/pages\/6391"}],"collection":[{"href":"https:\/\/www.imm.ch\/de\/wp-json\/wp\/v2\/pages"}],"about":[{"href":"https:\/\/www.imm.ch\/de\/wp-json\/wp\/v2\/types\/page"}],"author":[{"embeddable":true,"href":"https:\/\/www.imm.ch\/de\/wp-json\/wp\/v2\/users\/1"}],"replies":[{"embeddable":true,"href":"https:\/\/www.imm.ch\/de\/wp-json\/wp\/v2\/comments?post=6391"}],"version-history":[{"count":4,"href":"https:\/\/www.imm.ch\/de\/wp-json\/wp\/v2\/pages\/6391\/revisions"}],"predecessor-version":[{"id":6395,"href":"https:\/\/www.imm.ch\/de\/wp-json\/wp\/v2\/pages\/6391\/revisions\/6395"}],"wp:attachment":[{"href":"https:\/\/www.imm.ch\/de\/wp-json\/wp\/v2\/media?parent=6391"}],"curies":[{"name":"wp","href":"https:\/\/api.w.org\/{rel}","templated":true}]}}